{"id":667,"date":"2025-12-31T17:40:51","date_gmt":"2025-12-31T17:40:51","guid":{"rendered":"https:\/\/theme.madsparrow.me\/mokko\/?page_id=667"},"modified":"2026-03-02T11:01:14","modified_gmt":"2026-03-02T11:01:14","slug":"urunler","status":"publish","type":"page","link":"https:\/\/ifdigital.net\/en\/urunler\/","title":{"rendered":"Products"},"content":{"rendered":"<div data-elementor-type=\"wp-page\" data-elementor-id=\"667\" class=\"elementor elementor-667\">\n\t\t\t\t<div class=\"elementor-element elementor-element-aa9aa56 e-flex e-con-boxed no e-con e-parent\" data-id=\"aa9aa56\" data-element_type=\"container\" data-e-type=\"container\">\n\t\t\t\t\t<div class=\"e-con-inner\">\n\t\t\t\t<div class=\"elementor-element elementor-element-7bf97f5 elementor-widget elementor-widget-ms_animated_headline\" data-id=\"7bf97f5\" data-element_type=\"widget\" data-e-type=\"widget\" data-widget_type=\"ms_animated_headline.default\">\n\t\t\t\t<div class=\"elementor-widget-container\">\n\t\t\t\t\t\r\n        <div class=\"ms-ah-wrapper\">\r\n            <h1 class=\"content__title\" data-splitting data-effect5 data-scroll=\"off\">\r\n            \tDijital \u00dcr\u00fcnlerimiz            <\/h1>\r\n        <\/div>\r\n        \r\n    \t\t\t\t<\/div>\n\t\t\t\t<\/div>\n\t\t\t\t\t<\/div>\n\t\t\t\t<\/div>\n\t\t<div class=\"elementor-element elementor-element-93f845a e-flex e-con-boxed no e-con e-parent\" data-id=\"93f845a\" data-element_type=\"container\" data-e-type=\"container\">\n\t\t\t\t\t<div class=\"e-con-inner\">\n\t\t\t\t<div class=\"elementor-element elementor-element-17cde60 elementor-widget elementor-widget-html\" data-id=\"17cde60\" data-element_type=\"widget\" data-e-type=\"widget\" data-widget_type=\"html.default\">\n\t\t\t\t\t<style>\n    \/* --- Temel Ayarlar --- *\/\n    .if-products-wrapper {\n        position: relative;\n        width: 100%;\n        margin: 0 auto;\n    }\n\n    \/* Arka Plan I\u015f\u0131klar\u0131 (\u00d6nceki tasar\u0131mdan) *\/\n    .if-glow-blob {\n        position: absolute;\n        width: 400px;\n        height: 400px;\n        background: var(--color-primary, #ff6600);\n        filter: blur(90px);\n        opacity: 0.3;\n        border-radius: 50%;\n        z-index: 0;\n        pointer-events: none;\n        animation: moveBlob 15s infinite alternate ease-in-out;\n    }\n    .if-blob-1 { top: 5%; left: 5%; }\n    .if-blob-2 { bottom: 5%; right: 5%; animation-direction: alternate-reverse; background: #ff4500; }\n    @keyframes moveBlob { 0% { transform: translate(0,0); } 100% { transform: translate(60px,-60px); } }\n\n    \/* Grid Yap\u0131s\u0131 *\/\n    .if-products-grid {\n        display: grid;\n        grid-template-columns: repeat(3, 1fr);\n        gap: 30px;\n        position: relative;\n        z-index: 1;\n    }\n\n    \/* --- Kart Tasar\u0131m\u0131 --- *\/\n    .if-product-card {\n        background: rgba(20, 20, 20, 0.6);\n        backdrop-filter: blur(16px);\n        -webkit-backdrop-filter: blur(16px);\n        border: 1px solid rgba(255, 255, 255, 0.1);\n        border-radius: 24px;\n        padding: 0;\n        overflow: visible; \/* Detay kutusu d\u0131\u015far\u0131 ta\u015fabilsin *\/\n        display: flex;\n        flex-direction: column;\n        position: relative;\n        transition: transform 0.4s ease, border-color 0.4s ease, opacity 0.4s ease;\n    }\n\n    .if-card-img-wrap {\n        width: 100%;\n        height: 220px;\n        overflow: hidden;\n        border-radius: 24px 24px 0 0;\n        position: relative;\n        z-index: 2; \/* Detay panelinin \u00fcst\u00fcnde kals\u0131n *\/\n        background: #000;\n    }\n\n    .if-card-img-wrap img {\n        width: 100%;\n        height: 100%;\n        object-fit: cover;\n        transition: transform 0.6s cubic-bezier(0.22, 1, 0.36, 1);\n    }\n\n    .if-card-content {\n        padding: 30px;\n        position: relative;\n        z-index: 2;\n        background: inherit; \/* Kart\u0131n kendi backgroundunu kullan *\/\n        border-radius: 0 0 24px 24px;\n    }\n\n    .if-card-title {\n        font-family: var(--font-heading, sans-serif);\n        font-size: 24px;\n        font-weight: 700;\n        color: var(--color-contrast-higher, #fff);\n        margin-bottom: 10px;\n    }\n\n    .if-card-desc {\n        font-size: 15px;\n        line-height: 1.6;\n        color: var(--color-contrast-medium, #bbb);\n        margin-bottom: 0;\n    }\n\n    \/* --- DETAY PENCERES\u0130 (Masa\u00fcst\u00fc Slide Panel) --- *\/\n    .if-hover-detail {\n        position: absolute;\n        top: 0;\n        width: 100%; \/* Kart geni\u015fli\u011fi kadar *\/\n        height: 100%; \/* Kart y\u00fcksekli\u011fi kadar *\/\n        background: rgba(30, 30, 30, 0.95); \/* Daha koyu ve opak *\/\n        border: 1px solid var(--color-primary, #ff6600);\n        border-radius: 24px;\n        padding: 30px;\n        display: flex;\n        flex-direction: column;\n        justify-content: center;\n        opacity: 0;\n        visibility: hidden;\n        z-index: 1; \/* Kart\u0131n arkas\u0131ndan \u00e7\u0131ks\u0131n *\/\n        pointer-events: none;\n        transition: all 0.5s cubic-bezier(0.25, 1, 0.5, 1);\n        box-shadow: 0 20px 50px rgba(0,0,0,0.5);\n    }\n\n    .if-hover-detail h4 {\n        color: var(--color-primary, #ff6600);\n        font-size: 14px;\n        text-transform: uppercase;\n        letter-spacing: 1px;\n        margin-bottom: 15px;\n    }\n\n    .if-hover-detail p {\n        font-size: 14px;\n        color: #ddd;\n        line-height: 1.6;\n    }\n\n    \/* Mobil Buton (Ba\u015flang\u0131\u00e7ta gizli) *\/\n    .if-mobile-btn {\n        display: none;\n        margin-top: 20px;\n        padding: 7px 14px;\n        background: var(--color-primary, #ff6600);\n        color: #fff;\n        border: none;\n        border-radius: 8px;\n        font-weight: 600;\n        font-size: 12px;\n        width: 50%;\n        cursor: pointer;\n    }\n\n    \/* --- MASA\u00dcST\u00dc ETK\u0130LE\u015e\u0130MLER\u0130 --- *\/\n    @media (min-width: 1025px) {\n        \n        \/* Grid Focus Efekti *\/\n        .if-products-grid:has(.if-product-card:hover) .if-product-card:not(:hover) {\n            opacity: 0.4;\n            filter: blur(3px);\n            transform: scale(0.98);\n        }\n\n        .if-product-card:hover {\n            z-index: 10; \/* En \u00f6ne ge\u00e7 *\/\n            transform: scale(1.02);\n            border-color: var(--color-primary, #ff6600);\n        }\n\n        .if-product-card:hover img {\n            transform: scale(1.05) translateY(-5px);\n        }\n\n        \/* Slide Animasyon Y\u00f6nleri *\/\n        \n        \/* Sol (1, 4, 7) ve Orta (2, 5, 8) S\u00fctunlar -> SA\u011eA A\u00c7ILIR *\/\n        .if-product-card:nth-child(3n+1):hover .if-hover-detail,\n        .if-product-card:nth-child(3n+2):hover .if-hover-detail {\n            opacity: 1;\n            visibility: visible;\n            transform: translateX(105%); \/* Kart\u0131n %105 sa\u011f\u0131na git *\/\n            left: 0;\n        }\n\n        \/* Sa\u011f (3, 6, 9) S\u00fctun -> SOLA A\u00c7ILIR *\/\n        .if-product-card:nth-child(3n):hover .if-hover-detail {\n            opacity: 1;\n            visibility: visible;\n            transform: translateX(-105%); \/* Kart\u0131n %105 soluna git *\/\n            right: 0;\n            left: auto;\n        }\n    }\n\n    \/* --- MOB\u0130L ve TABLET (Popup Mant\u0131\u011f\u0131) --- *\/\n    @media (max-width: 1024px) {\n        .if-products-grid {\n            grid-template-columns: repeat(2, 1fr);\n        }\n        \/* Tablette de popup kullanal\u0131m \u00e7\u00fcnk\u00fc hover dokunmatikte zordur *\/\n        .if-hover-detail { display: none; } \n        .if-mobile-btn { display: block; }\n        \n        .if-card-img-wrap { height: 200px; }\n    }\n\n    @media (max-width: 768px) {\n        .if-products-grid {\n            grid-template-columns: 1fr;\n        }\n    }\n\n    \/* --- POPUP (MODAL) ST\u0130L\u0130 --- *\/\n    .if-modal-overlay {\n        position: fixed;\n        top: 0; left: 0; width: 100%; height: 100%;\n        background: rgba(0,0,0,0.85);\n        backdrop-filter: blur(10px);\n        z-index: 9999;\n        display: none; \/* JS ile a\u00e7\u0131lacak *\/\n        align-items: center;\n        justify-content: center;\n        padding: 20px;\n        opacity: 0;\n        transition: opacity 0.3s ease;\n    }\n\n    .if-modal-content {\n        background: #1a1a1a;\n        border: 1px solid var(--color-primary, #ff6600);\n        border-radius: 24px;\n        padding: 40px;\n        max-width: 500px;\n        width: 100%;\n        position: relative;\n        transform: translateY(50px);\n        transition: transform 0.3s cubic-bezier(0.175, 0.885, 0.32, 1.275);\n    }\n\n    .if-modal-overlay.active {\n        display: flex;\n        opacity: 1;\n    }\n    .if-modal-overlay.active .if-modal-content {\n        transform: translateY(0);\n    }\n\n    .if-modal-close {\n        position: absolute;\n        top: 15px; right: 20px;\n        font-size: 30px;\n        color: #fff;\n        cursor: pointer;\n        line-height: 1;\n    }\n\n    .if-modal-title {\n        color: var(--color-primary, #ff6600);\n        font-size: 24px;\n        margin-bottom: 20px;\n        font-family: var(--font-heading, sans-serif);\n    }\n    \n    .if-modal-text {\n        color: #ddd;\n        line-height: 1.6;\n        font-size: 16px;\n    }\n\n<\/style>\n\n<div class=\"if-products-wrapper\">\n    \n    <div class=\"if-glow-blob if-blob-1\"><\/div>\n    <div class=\"if-glow-blob if-blob-2\"><\/div>\n\n    <div class=\"if-products-grid\">\n\n        <div class=\"if-product-card\" data-details=\"Kategori, \u00fcr\u00fcn, varyasyon ve alerjen y\u00f6netimiyle birlikte kampanya, \u00e7apraz sat\u0131\u015f ve \u00f6neri mod\u00fclleri sunar. \u00c7oklu \u015fube deste\u011fi, temel raporlama, stok uyar\u0131lar\u0131 ve sipari\u015f ak\u0131\u015flar\u0131n\u0131 destekleyen entegrasyon se\u00e7enekleriyle operasyonlar\u0131 h\u0131zland\u0131r\u0131r.\">\n            <div class=\"if-card-img-wrap\">\n                <img decoding=\"async\" src=\"https:\/\/images.unsplash.com\/photo-1556742502-ec7c0e9f34b1?q=80&w=1000&auto=format&fit=crop\" alt=\"if Men\u00fc\">\n            <\/div>\n            <div class=\"if-card-content\">\n                <h3 class=\"if-card-title\">IF Menu<\/h3>\n                <p class=\"if-card-desc\">QR ile an\u0131nda eri\u015fim sa\u011flayan, g\u00f6rsel a\u00e7\u0131dan zengin dijital men\u00fc.<\/p>\n                <button class=\"if-mobile-btn\" onclick=\"openModal(this)\">Detaylar\u0131 \u0130ncele<\/button>\n            <\/div>\n            <div class=\"if-hover-detail\">\n                <h4>TEKN\u0130K \u00d6ZELL\u0130KLER<\/h4>\n                <p>Kategori, \u00fcr\u00fcn, varyasyon ve alerjen y\u00f6netimiyle birlikte kampanya, \u00e7apraz sat\u0131\u015f ve \u00f6neri mod\u00fclleri sunar. \u00c7oklu \u015fube deste\u011fi, temel raporlama, stok uyar\u0131lar\u0131 ve entegrasyon se\u00e7enekleriyle operasyonlar\u0131 h\u0131zland\u0131r\u0131r.<\/p>\n            <\/div>\n        <\/div>\n\n        <div class=\"if-product-card\" data-details=\"Ki\u015fiselle\u015ftirilebilir tasar\u0131mlar, link y\u00f6netimi, t\u0131klama-ziyaret analiti\u011fi ve h\u0131zl\u0131 g\u00fcncelleme \u00f6zellikleriyle her zaman g\u00fcncel kal\u0131n. Kurumsal kullan\u0131mda ekip bazl\u0131 y\u00f6netim, toplu da\u011f\u0131t\u0131m ve marka y\u00f6nergelerine uyum sa\u011flayan \u015fablonlar sunar.\">\n            <div class=\"if-card-img-wrap\">\n                <img decoding=\"async\" src=\"https:\/\/images.unsplash.com\/photo-1589829085413-56de8ae18c73?q=80&w=1000&auto=format&fit=crop\" alt=\"ifCard\">\n            <\/div>\n            <div class=\"if-card-content\">\n                <h3 class=\"if-card-title\">ifCard<\/h3>\n                <p class=\"if-card-desc\">NFC ve QR destekli, analitik takipli yeni nesil dijital kartvizit.<\/p>\n                <button class=\"if-mobile-btn\" onclick=\"openModal(this)\">Detaylar\u0131 \u0130ncele<\/button>\n            <\/div>\n            <div class=\"if-hover-detail\">\n                <h4>AVANTAJLAR<\/h4>\n                <p>Ki\u015fiselle\u015ftirilebilir tasar\u0131mlar, link y\u00f6netimi, t\u0131klama-ziyaret analiti\u011fi ve h\u0131zl\u0131 g\u00fcncelleme \u00f6zellikleri sunar. Kurumsal kullan\u0131mda ekip bazl\u0131 y\u00f6netim ve toplu da\u011f\u0131t\u0131m imkan\u0131 sa\u011flar.<\/p>\n            <\/div>\n        <\/div>\n\n        <div class=\"if-product-card\" data-details=\"Rezervasyon, \u00f6deme ve m\u00fc\u015fteri ileti\u015fimi s\u00fcre\u00e7lerini u\u00e7tan uca takip edin. Kontenjan y\u00f6netimi, tedarik\u00e7i anla\u015fmalar\u0131, d\u00f6nemsel kampanyalar ve detayl\u0131 raporlarla k\u00e2rl\u0131l\u0131\u011f\u0131n\u0131z\u0131 g\u00f6r\u00fcn\u00fcr k\u0131l\u0131n.\">\n            <div class=\"if-card-img-wrap\">\n                <img decoding=\"async\" src=\"https:\/\/images.unsplash.com\/photo-1469854523086-cc02fe5d8800?q=80&w=1000&auto=format&fit=crop\" alt=\"if TourAgent\">\n            <\/div>\n            <div class=\"if-card-content\">\n                <h3 class=\"if-card-title\">ifTourAgent<\/h3>\n                <p class=\"if-card-desc\">Yapay zeka destekli tur asistan\u0131 ile paketleme ve fiyat optimizasyonu.<\/p>\n                <button class=\"if-mobile-btn\" onclick=\"openModal(this)\">Detaylar\u0131 \u0130ncele<\/button>\n            <\/div>\n            <div class=\"if-hover-detail\">\n                <h4>FONKS\u0130YONLAR<\/h4>\n                <p>Rezervasyon, \u00f6deme ve m\u00fc\u015fteri ileti\u015fimi s\u00fcre\u00e7lerini u\u00e7tan uca takip edin. Kontenjan y\u00f6netimi, tedarik\u00e7i anla\u015fmalar\u0131, d\u00f6nemsel kampanyalar ve detayl\u0131 raporlarla k\u00e2rl\u0131l\u0131\u011f\u0131n\u0131z\u0131 g\u00f6r\u00fcn\u00fcr k\u0131l\u0131n.<\/p>\n            <\/div>\n        <\/div>\n\n        <div class=\"if-product-card\" data-details=\"Ak\u0131ll\u0131 filtreler, casting listeleri, ba\u015fvuru ak\u0131\u015flar\u0131 ve onay s\u00fcre\u00e7leriyle se\u00e7imi h\u0131zland\u0131r\u0131r. Ajanslara \u00f6zel payla\u015f\u0131mlar, gizlilik ayarlar\u0131 ve proje bazl\u0131 klas\u00f6rleme ile i\u015fbirli\u011fini g\u00fcvenli hale getirir.\">\n            <div class=\"if-card-img-wrap\">\n                <img decoding=\"async\" src=\"https:\/\/images.unsplash.com\/photo-1492691527719-9d1e07e534b4?q=80&w=1000&auto=format&fit=crop\" alt=\"ifCast\">\n            <\/div>\n            <div class=\"if-card-content\">\n                <h3 class=\"if-card-title\">ifCast<\/h3>\n                <p class=\"if-card-desc\">Prod\u00fcksiyon ekipleri i\u00e7in filtreleme \u00f6zellikli casting veritaban\u0131.<\/p>\n                <button class=\"if-mobile-btn\" onclick=\"openModal(this)\">Detaylar\u0131 \u0130ncele<\/button>\n            <\/div>\n            <div class=\"if-hover-detail\">\n                <h4>\u00d6ZELL\u0130KLER<\/h4>\n                <p>Ak\u0131ll\u0131 filtreler, casting listeleri, ba\u015fvuru ak\u0131\u015flar\u0131 ve onay s\u00fcre\u00e7leriyle se\u00e7imi h\u0131zland\u0131r\u0131r. Ajanslara \u00f6zel payla\u015f\u0131mlar, gizlilik ayarlar\u0131 ve proje bazl\u0131 klas\u00f6rleme sunar.<\/p>\n            <\/div>\n        <\/div>\n\n        <div class=\"if-product-card\" data-details=\"Blok tabanl\u0131 d\u00fczenleyici, SEO \u00f6nerileri, g\u00f6rsel optimizasyonu ve \u00e7oklu dil deste\u011fiyle yay\u0131n kalitesini art\u0131r\u0131n. Formlar, blog, temel e-ticaret mod\u00fclleri ve entegrasyonlarla esnek bir altyap\u0131 sunar.\">\n            <div class=\"if-card-img-wrap\">\n                <img decoding=\"async\" src=\"https:\/\/images.unsplash.com\/photo-1460925895917-afdab827c52f?q=80&w=1000&auto=format&fit=crop\" alt=\"ifCMS\">\n            <\/div>\n            <div class=\"if-card-content\">\n                <h3 class=\"if-card-title\">ifCMS<\/h3>\n                <p class=\"if-card-desc\">A fast website infrastructure that offers AI-powered content creation.<\/p>\n                <button class=\"if-mobile-btn\" onclick=\"openModal(this)\">Detaylar\u0131 \u0130ncele<\/button>\n            <\/div>\n            <div class=\"if-hover-detail\">\n                <h4>ALTYAPI<\/h4>\n                <p>Blok tabanl\u0131 d\u00fczenleyici, SEO \u00f6nerileri, g\u00f6rsel optimizasyonu ve \u00e7oklu dil deste\u011fiyle yay\u0131n kalitesini art\u0131r\u0131n. E-ticaret mod\u00fclleri ve entegrasyonlarla b\u00fcy\u00fcmeye haz\u0131r.<\/p>\n            <\/div>\n        <\/div>\n\n        <div class=\"if-product-card\" data-details=\"VR uyumlulu\u011fu, g\u00f6mme (embed) se\u00e7enekleri ve payla\u015f\u0131m ara\u00e7lar\u0131yla i\u00e7erikleri hedef kitlenize kolayca ula\u015ft\u0131r\u0131n. \u0130\u015fletmeler i\u00e7in vitrin sayfalar\u0131, istatistikler ve \u00f6ne \u00e7\u0131karma se\u00e7enekleriyle g\u00f6r\u00fcn\u00fcrl\u00fc\u011f\u00fcn\u00fcz\u00fc art\u0131r\u0131n.\">\n            <div class=\"if-card-img-wrap\">\n                <img decoding=\"async\" src=\"https:\/\/images.unsplash.com\/photo-1626379953822-baec19c3accd?q=80&w=1000&auto=format&fit=crop\" alt=\"360tur.com\">\n            <\/div>\n            <div class=\"if-card-content\">\n                <h3 class=\"if-card-title\">360tur.com<\/h3>\n                <p class=\"if-card-desc\">Mekanlar\u0131n VR uyumlu 360\u00b0 turlar\u0131n\u0131 bar\u0131nd\u0131ran katalog platformu.<\/p>\n                <button class=\"if-mobile-btn\" onclick=\"openModal(this)\">Detaylar\u0131 \u0130ncele<\/button>\n            <\/div>\n            <div class=\"if-hover-detail\">\n                <h4>PLATFORM<\/h4>\n                <p>VR uyumlulu\u011fu, g\u00f6mme (embed) se\u00e7enekleri ve payla\u015f\u0131m ara\u00e7lar\u0131yla i\u00e7erikleri hedef kitlenize ula\u015ft\u0131r\u0131n. Vitrin sayfalar\u0131 ve istatistiklerle g\u00f6r\u00fcn\u00fcrl\u00fc\u011f\u00fcn\u00fcz\u00fc y\u00f6netin.<\/p>\n            <\/div>\n        <\/div>\n\n        <div class=\"if-product-card\" data-details=\"Hotspot, kat plan\u0131, bilgi kart\u0131, y\u00f6nlendirme, logo ve tema \u00f6zelle\u015ftirmeleriyle deneyimi markan\u0131za uyarlay\u0131n. Link ve g\u00f6mme payla\u015f\u0131mlar\u0131, eri\u015fim kontrolleri ve performans optimizasyonlar\u0131yla profesyonel da\u011f\u0131t\u0131m sa\u011flar.\">\n            <div class=\"if-card-img-wrap\">\n                <img decoding=\"async\" src=\"https:\/\/images.unsplash.com\/photo-1592478411213-61535fdd861d?q=80&w=1000&auto=format&fit=crop\" alt=\"VR Studio\">\n            <\/div>\n            <div class=\"if-card-content\">\n                <h3 class=\"if-card-title\">VR Studio<\/h3>\n                <p class=\"if-card-desc\">360\u00b0 foto\u011fraflardan etkile\u015fimli sanal turlar olu\u015fturan st\u00fcdyo.<\/p>\n                <button class=\"if-mobile-btn\" onclick=\"openModal(this)\">Detaylar\u0131 \u0130ncele<\/button>\n            <\/div>\n            <div class=\"if-hover-detail\">\n                <h4>STUDIO<\/h4>\n                <p>Hotspot, kat plan\u0131, bilgi kart\u0131 ve marka \u00f6zelle\u015ftirmeleriyle deneyimi uyarlay\u0131n. Link\/g\u00f6mme payla\u015f\u0131mlar\u0131 ve eri\u015fim kontrolleriyle g\u00fcvenli da\u011f\u0131t\u0131m yap\u0131n.<\/p>\n            <\/div>\n        <\/div>\n\n        <div class=\"if-product-card\" data-details=\"Ajanda, rezervasyon talebi, teklif y\u00f6netimi ve i\u015fbirli\u011fi ara\u00e7lar\u0131yla organizat\u00f6rlerin s\u00fcrecini sadele\u015ftirir. Y\u0131l\u0131n belirli d\u00f6nemlerinde d\u00fczenlenen \u00f6zel etkinliklerle toplulu\u011fu bir araya getirir ve yetenekleri \u00f6ne \u00e7\u0131kar\u0131r.\">\n            <div class=\"if-card-img-wrap\">\n                <img decoding=\"async\" src=\"https:\/\/images.unsplash.com\/photo-1501281668745-f7f57925c3b4?q=80&w=1000&auto=format&fit=crop\" alt=\"Nexxt Stage\">\n            <\/div>\n            <div class=\"if-card-content\">\n                <h3 class=\"if-card-title\">Nexxt Stage<\/h3>\n                <p class=\"if-card-desc\">A discovery and booking platform for performing artists and organizers.<\/p>\n                <button class=\"if-mobile-btn\" onclick=\"openModal(this)\">Detaylar\u0131 \u0130ncele<\/button>\n            <\/div>\n            <div class=\"if-hover-detail\">\n                <h4>BOOKING<\/h4>\n                <p>Ajanda, rezervasyon talebi, teklif y\u00f6netimi ve i\u015fbirli\u011fi ara\u00e7lar\u0131yla organizat\u00f6rlerin s\u00fcrecini sadele\u015ftirir. \u00d6zel etkinliklerle yetenekleri \u00f6ne \u00e7\u0131kar\u0131r.<\/p>\n            <\/div>\n        <\/div>\n\n    <\/div>\n<\/div>\n\n<div class=\"if-modal-overlay\" id=\"productModal\">\n    <div class=\"if-modal-content\">\n        <span class=\"if-modal-close\" onclick=\"closeModal()\">&times;<\/span>\n        <h3 class=\"if-modal-title\" id=\"modalTitle\">\u00dcr\u00fcn Ad\u0131<\/h3>\n        <p class=\"if-modal-text\" id=\"modalDesc\">\u00dcr\u00fcn detaylar\u0131 burada yer alacak...<\/p>\n    <\/div>\n<\/div>\n\n<script>\n    \/\/ Mobil Popup Scripti\n    const modal = document.getElementById('productModal');\n    const modalTitle = document.getElementById('modalTitle');\n    const modalDesc = document.getElementById('modalDesc');\n\n    function openModal(btn) {\n        \/\/ T\u0131klanan butonun i\u00e7indeki kart bilgilerini al\n        const card = btn.closest('.if-product-card');\n        const title = card.querySelector('.if-card-title').innerText;\n        const details = card.getAttribute('data-details');\n\n        \/\/ Modal'a yaz\n        modalTitle.innerText = title;\n        modalDesc.innerText = details;\n\n        \/\/ Modal'\u0131 a\u00e7\n        modal.classList.add('active');\n    }\n\n    function closeModal() {\n        modal.classList.remove('active');\n    }\n\n    \/\/ D\u0131\u015far\u0131 t\u0131klay\u0131nca kapat\n    window.onclick = function(event) {\n        if (event.target == modal) {\n            closeModal();\n        }\n    }\n<\/script>\t\t\t\t<\/div>\n\t\t\t\t\t<\/div>\n\t\t\t\t<\/div>\n\t\t\t\t<\/div>","protected":false},"excerpt":{"rendered":"<p>Dijital \u00dcr\u00fcnlerimiz if Men\u00fc QR ile an\u0131nda eri\u015fim sa\u011flayan, g\u00f6rsel a\u00e7\u0131dan zengin dijital men\u00fc. Detaylar\u0131 \u0130ncele TEKN\u0130K \u00d6ZELL\u0130KLER Kategori, \u00fcr\u00fcn, varyasyon ve alerjen y\u00f6netimiyle [&hellip;]<\/p>","protected":false},"author":1,"featured_media":0,"parent":0,"menu_order":4,"comment_status":"closed","ping_status":"closed","template":"page-custom.php","meta":{"_acf_changed":false,"footnotes":""},"class_list":["post-667","page","type-page","status-publish","hentry"],"acf":{"choi\u0441e_menu_page":"global_settings","full_width":false,"header_transparent":false,"header_white":false,"menu_type_page":"default","menu_align_page":"default"},"_hostinger_reach_plugin_has_subscription_block":false,"_hostinger_reach_plugin_is_elementor":false,"_links":{"self":[{"href":"https:\/\/ifdigital.net\/en\/wp-json\/wp\/v2\/pages\/667","targetHints":{"allow":["GET"]}}],"collection":[{"href":"https:\/\/ifdigital.net\/en\/wp-json\/wp\/v2\/pages"}],"about":[{"href":"https:\/\/ifdigital.net\/en\/wp-json\/wp\/v2\/types\/page"}],"author":[{"embeddable":true,"href":"https:\/\/ifdigital.net\/en\/wp-json\/wp\/v2\/users\/1"}],"replies":[{"embeddable":true,"href":"https:\/\/ifdigital.net\/en\/wp-json\/wp\/v2\/comments?post=667"}],"version-history":[{"count":20,"href":"https:\/\/ifdigital.net\/en\/wp-json\/wp\/v2\/pages\/667\/revisions"}],"predecessor-version":[{"id":4653,"href":"https:\/\/ifdigital.net\/en\/wp-json\/wp\/v2\/pages\/667\/revisions\/4653"}],"wp:attachment":[{"href":"https:\/\/ifdigital.net\/en\/wp-json\/wp\/v2\/media?parent=667"}],"curies":[{"name":"wp","href":"https:\/\/api.w.org\/{rel}","templated":true}]}}