{"id":425,"date":"2025-12-31T20:54:50","date_gmt":"2025-12-31T20:54:50","guid":{"rendered":"https:\/\/theme.madsparrow.me\/mokko\/?page_id=425"},"modified":"2026-03-02T11:01:37","modified_gmt":"2026-03-02T11:01:37","slug":"iletisim","status":"publish","type":"page","link":"https:\/\/ifdigital.net\/en\/iletisim\/","title":{"rendered":"Contact"},"content":{"rendered":"<div data-elementor-type=\"wp-page\" data-elementor-id=\"425\" class=\"elementor elementor-425\">\n\t\t\t\t<div class=\"elementor-element elementor-element-80adb3e e-con-full e-flex no e-con e-parent\" data-id=\"80adb3e\" data-element_type=\"container\" data-e-type=\"container\">\n\t\t<div class=\"elementor-element elementor-element-34a4791 e-con-full e-flex no e-con e-child\" data-id=\"34a4791\" data-element_type=\"container\" data-e-type=\"container\">\n\t\t\t\t<div class=\"elementor-element elementor-element-056fea0 elementor-widget elementor-widget-ms_text_ticker\" data-id=\"056fea0\" data-element_type=\"widget\" data-e-type=\"widget\" data-widget_type=\"ms_text_ticker.default\">\n\t\t\t\t<div class=\"elementor-widget-container\">\n\t\t\t\t\t        <div class=\"ms-text-ticker\">\r\n            <div id=\"056fea0\" class=\"ms-tt-wrap\" data-speed=\"1\" data-direction=\"left\" data-scroll=\"off\" data-hover=\"slow_down\">\r\n                <div>\r\n\r\n                    <ul class=\"ms-tt\">\r\n\r\n                                                <li class=\"ms-tt__text\">B\u0130RL\u0130KTE \u00c7ALI\u015eALIM&nbsp;<\/li>\r\n                                                            <li class=\"ms-tt__text img\"><img src=\"https:\/\/theme.madsparrow.me\/mokko\/wp-content\/uploads\/2024\/04\/Map-circle-mokko.svg\" alt=\"\" width=\"\" height=\"\" loading=\"lazy\" decoding=\"async\"\/><\/li>\r\n                                                                                <li class=\"ms-tt__text\">B\u0130RL\u0130KTE \u00c7ALI\u015eALIM&nbsp;<\/li>\r\n                                                            <li class=\"ms-tt__text img\"><img src=\"https:\/\/theme.madsparrow.me\/mokko\/wp-content\/uploads\/2024\/04\/Map-circle-mokko.svg\" alt=\"\" width=\"\" height=\"\" loading=\"lazy\" decoding=\"async\"\/><\/li>\r\n                                                                                <li class=\"ms-tt__text\">B\u0130RL\u0130KTE \u00c7ALI\u015eALIM&nbsp;<\/li>\r\n                                                            <li class=\"ms-tt__text img\"><img src=\"https:\/\/theme.madsparrow.me\/mokko\/wp-content\/uploads\/2024\/04\/Map-circle-mokko.svg\" alt=\"\" width=\"\" height=\"\" loading=\"lazy\" decoding=\"async\"\/><\/li>\r\n                                                                                <li class=\"ms-tt__text\">B\u0130RL\u0130KTE \u00c7ALI\u015eALIM&nbsp;<\/li>\r\n                                                            <li class=\"ms-tt__text img\"><img src=\"https:\/\/theme.madsparrow.me\/mokko\/wp-content\/uploads\/2024\/04\/Map-circle-mokko.svg\" alt=\"\" width=\"\" height=\"\" loading=\"lazy\" decoding=\"async\"\/><\/li>\r\n                                                                                <li class=\"ms-tt__text\">B\u0130RL\u0130KTE \u00c7ALI\u015eALIM&nbsp;<\/li>\r\n                                                            <li class=\"ms-tt__text img\"><img src=\"https:\/\/theme.madsparrow.me\/mokko\/wp-content\/uploads\/2024\/04\/Map-circle-mokko.svg\" alt=\"\" width=\"\" height=\"\" loading=\"lazy\" decoding=\"async\"\/><\/li>\r\n                                                                                <li class=\"ms-tt__text\">B\u0130RL\u0130KTE \u00c7ALI\u015eALIM&nbsp;<\/li>\r\n                                                            <li class=\"ms-tt__text img\"><img src=\"https:\/\/theme.madsparrow.me\/mokko\/wp-content\/uploads\/2024\/04\/Map-circle-mokko.svg\" alt=\"\" width=\"\" height=\"\" loading=\"lazy\" decoding=\"async\"\/><\/li>\r\n                                                        \r\n                    <\/ul>\r\n                    \r\n                <\/div>\r\n            <\/div>\r\n        <\/div>\r\n        \t\t\t\t<\/div>\n\t\t\t\t<\/div>\n\t\t\t\t<\/div>\n\t\t\t\t<\/div>\n\t\t<div class=\"elementor-element elementor-element-e549d1b e-flex e-con-boxed no e-con e-parent\" data-id=\"e549d1b\" data-element_type=\"container\" data-e-type=\"container\">\n\t\t\t\t\t<div class=\"e-con-inner\">\n\t\t<div class=\"elementor-element elementor-element-7d63fa9 e-con-full e-flex no e-con e-child\" data-id=\"7d63fa9\" data-element_type=\"container\" data-e-type=\"container\" data-settings=\"{&quot;background_background&quot;:&quot;classic&quot;}\">\n\t\t\t\t<div class=\"elementor-element elementor-element-eb8104a elementor-widget elementor-widget-heading\" data-id=\"eb8104a\" data-element_type=\"widget\" data-e-type=\"widget\" data-widget_type=\"heading.default\">\n\t\t\t\t\t<h2 class=\"elementor-heading-title elementor-size-default\">\u0130leti\u015fime Ge\u00e7in<\/h2>\t\t\t\t<\/div>\n\t\t\t\t<div class=\"elementor-element elementor-element-c297a4a elementor-widget elementor-widget-text-editor\" data-id=\"c297a4a\" data-element_type=\"widget\" data-e-type=\"widget\" data-widget_type=\"text-editor.default\">\n\t\t\t\t\t\t\t\t\t<p>Yarat\u0131c\u0131l\u0131\u011f\u0131 ger\u00e7e\u011fe d\u00f6n\u00fc\u015ft\u00fcr\u00fcn.<\/p>\t\t\t\t\t\t\t\t<\/div>\n\t\t\t\t<div class=\"elementor-element elementor-element-b2e5453 elementor-widget__width-initial elementor-widget elementor-widget-ms-contact-form-7\" data-id=\"b2e5453\" data-element_type=\"widget\" data-e-type=\"widget\" data-widget_type=\"ms-contact-form-7.default\">\n\t\t\t\t<div class=\"elementor-widget-container\">\n\t\t\t\t\t\r\n        <div class=\"ms-contact-form-7  on style_2\">\r\n\r\n            \n<div class=\"wpcf7 no-js\" id=\"wpcf7-f78-o1\" lang=\"en-US\" dir=\"ltr\" data-wpcf7-id=\"78\">\n<div class=\"screen-reader-response\"><p role=\"status\" aria-live=\"polite\" aria-atomic=\"true\"><\/p> <ul><\/ul><\/div>\n<form action=\"\/en\/wp-json\/wp\/v2\/pages\/425#wpcf7-f78-o1\" method=\"post\" class=\"wpcf7-form init\" aria-label=\"Contact form\" novalidate=\"novalidate\" data-status=\"init\" data-trp-original-action=\"\/en\/wp-json\/wp\/v2\/pages\/425#wpcf7-f78-o1\">\n<fieldset class=\"hidden-fields-container\"><input type=\"hidden\" name=\"_wpcf7\" value=\"78\" \/><input type=\"hidden\" name=\"_wpcf7_version\" value=\"6.1.4\" \/><input type=\"hidden\" name=\"_wpcf7_locale\" value=\"en_US\" \/><input type=\"hidden\" name=\"_wpcf7_unit_tag\" value=\"wpcf7-f78-o1\" \/><input type=\"hidden\" name=\"_wpcf7_container_post\" value=\"0\" \/><input type=\"hidden\" name=\"_wpcf7_posted_data_hash\" value=\"\" \/>\n<\/fieldset>\n<div class=\"row\">\n\t<div class=\"form-group col-12\">\n\t\t<p><span class=\"wpcf7-form-control-wrap\" data-name=\"your-name\"><input size=\"40\" maxlength=\"400\" class=\"wpcf7-form-control wpcf7-text wpcf7-validates-as-required form-control\" aria-required=\"true\" aria-invalid=\"false\" placeholder=\"\u0130sminiz\" value=\"\" type=\"text\" name=\"your-name\" \/><\/span>\n\t\t<\/p>\n\t<\/div>\n\t<div class=\"form-group col-6\">\n\t\t<p><span class=\"wpcf7-form-control-wrap\" data-name=\"phone\"><input size=\"40\" maxlength=\"400\" class=\"wpcf7-form-control wpcf7-tel wpcf7-validates-as-required wpcf7-text wpcf7-validates-as-tel form-control\" aria-required=\"true\" aria-invalid=\"false\" placeholder=\"Telefon numaran\u0131z\" value=\"\" type=\"tel\" name=\"phone\" \/><\/span>\n\t\t<\/p>\n\t<\/div>\n\t<div class=\"form-group col-6\">\n\t\t<p><span class=\"wpcf7-form-control-wrap\" data-name=\"your-email\"><input size=\"40\" maxlength=\"400\" class=\"wpcf7-form-control wpcf7-email wpcf7-text wpcf7-validates-as-email form-control\" aria-invalid=\"false\" placeholder=\"E-Posta adresiniz\" value=\"\" type=\"email\" name=\"your-email\" \/><\/span>\n\t\t<\/p>\n\t<\/div>\n\t<div class=\"form-group col-12\">\n\t\t<p><span class=\"wpcf7-form-control-wrap\" data-name=\"your-subject\"><input size=\"40\" maxlength=\"400\" class=\"wpcf7-form-control wpcf7-text form-control\" aria-invalid=\"false\" placeholder=\"Konu\" value=\"\" type=\"text\" name=\"your-subject\" \/><\/span>\n\t\t<\/p>\n\t<\/div>\n\t<div class=\"form-group col-12\">\n\t\t<p><span class=\"wpcf7-form-control-wrap\" data-name=\"message\"><textarea cols=\"40\" rows=\"10\" maxlength=\"2000\" class=\"wpcf7-form-control wpcf7-textarea form-control\" aria-invalid=\"false\" placeholder=\"Mesaj\u0131n\u0131z\" name=\"message\"><\/textarea><\/span>\n\t\t<\/p>\n\t<\/div>\n\t<div class=\"ms-cf--bottom\">\n\t\t<div class=\"wpcf7-btn\">\n\t\t\t<p><input class=\"wpcf7-form-control wpcf7-submit has-spinner wpcf7-btn\" type=\"submit\" value=\"Send\" \/>\n\t\t\t<\/p>\n\t\t<\/div>\n\t<\/div>\n<\/div><div class=\"wpcf7-response-output\" aria-hidden=\"true\"><\/div>\n<input type=\"hidden\" name=\"trp-form-language\" value=\"en\"\/><\/form>\n<\/div>\n\r\n        <\/div>\r\n\r\n        \t\t\t\t<\/div>\n\t\t\t\t<\/div>\n\t\t\t\t<\/div>\n\t\t<div class=\"elementor-element elementor-element-581eb38 e-con-full e-flex no e-con e-child\" data-id=\"581eb38\" data-element_type=\"container\" data-e-type=\"container\">\n\t\t<div class=\"elementor-element elementor-element-6d4ebd6 e-con-full e-flex no e-con e-child\" data-id=\"6d4ebd6\" data-element_type=\"container\" data-e-type=\"container\">\n\t\t<div class=\"elementor-element elementor-element-f0c47bb e-con-full e-flex no e-con e-child\" data-id=\"f0c47bb\" data-element_type=\"container\" data-e-type=\"container\">\n\t\t\t\t<div class=\"elementor-element elementor-element-351afb1 elementor-widget elementor-widget-heading\" data-id=\"351afb1\" data-element_type=\"widget\" data-e-type=\"widget\" data-widget_type=\"heading.default\">\n\t\t\t\t\t<h2 class=\"elementor-heading-title elementor-size-default\">Aray\u0131n<\/h2>\t\t\t\t<\/div>\n\t\t\t\t<div class=\"elementor-element elementor-element-a35aad9 elementor-widget elementor-widget-ms-simple-link\" data-id=\"a35aad9\" data-element_type=\"widget\" data-e-type=\"widget\" data-widget_type=\"ms-simple-link.default\">\n\t\t\t\t<div class=\"elementor-widget-container\">\n\t\t\t\t\t\r\n        <a class=\"ms-sl\" role=\"button\" data-transition=\"no\" data-style=\"no\" href=\"tel:+905365737050\" target=\"hidden-iframe\">\r\n\r\n            \r\n            +90 (536) 573 70 50\r\n            \r\n        <\/a>\r\n\r\n        \t\t\t\t<\/div>\n\t\t\t\t<\/div>\n\t\t\t\t<\/div>\n\t\t<div class=\"elementor-element elementor-element-1d9fe31 e-con-full e-flex no e-con e-child\" data-id=\"1d9fe31\" data-element_type=\"container\" data-e-type=\"container\">\n\t\t\t\t<div class=\"elementor-element elementor-element-f43cac5 elementor-widget elementor-widget-heading\" data-id=\"f43cac5\" data-element_type=\"widget\" data-e-type=\"widget\" data-widget_type=\"heading.default\">\n\t\t\t\t\t<h2 class=\"elementor-heading-title elementor-size-default\">Mail G\u00f6nderin<\/h2>\t\t\t\t<\/div>\n\t\t\t\t<div class=\"elementor-element elementor-element-71bf03f elementor-widget elementor-widget-ms-simple-link\" data-id=\"71bf03f\" data-element_type=\"widget\" data-e-type=\"widget\" data-widget_type=\"ms-simple-link.default\">\n\t\t\t\t<div class=\"elementor-widget-container\">\n\t\t\t\t\t\r\n        <a class=\"ms-sl\" role=\"button\" data-transition=\"no\" data-style=\"no\" href=\"mailto:info@ifdigital.net\" target=\"hidden-iframe\">\r\n\r\n            \r\n            info@ifdigital.net\r\n            \r\n        <\/a>\r\n\r\n        \t\t\t\t<\/div>\n\t\t\t\t<\/div>\n\t\t\t\t<\/div>\n\t\t<div class=\"elementor-element elementor-element-4578a66 e-con-full e-flex no e-con e-child\" data-id=\"4578a66\" data-element_type=\"container\" data-e-type=\"container\">\n\t\t\t\t<div class=\"elementor-element elementor-element-bcc59e2 elementor-widget elementor-widget-heading\" data-id=\"bcc59e2\" data-element_type=\"widget\" data-e-type=\"widget\" data-widget_type=\"heading.default\">\n\t\t\t\t\t<h5 class=\"elementor-heading-title elementor-size-default\">Bizi takip edin<\/h5>\t\t\t\t<\/div>\n\t\t\t\t<div class=\"elementor-element elementor-element-79d8430 elementor-widget elementor-widget-ms-social-icons\" data-id=\"79d8430\" data-element_type=\"widget\" data-e-type=\"widget\" data-widget_type=\"ms-social-icons.default\">\n\t\t\t\t<div class=\"elementor-widget-container\">\n\t\t\t\t\t        <div class=\"ms-s-w\">\r\n                    <a class=\"ms-s-i mono s-icon\" href=\"https:\/\/facebook.com\/\"><i class=\"fa-brands fa-facebook\"><\/i><\/a>\r\n                    <a class=\"ms-s-i mono s-icon\" href=\"https:\/\/instagram.com\/ifdigital.tr\"><i class=\"fa-brands fa-instagram\"><\/i><\/a>\r\n                    <a class=\"ms-s-i mono s-icon\" href=\"https:\/\/vimeo.com\/\"><i class=\"fa-brands fa-vimeo-v\"><\/i><\/a>\r\n                    <a class=\"ms-s-i mono s-icon\" href=\"https:\/\/twitter.com\/\"><i class=\"fa-brands fa-x-twitter\"><\/i><\/a>\r\n                <\/div>\r\n    \t\t\t\t<\/div>\n\t\t\t\t<\/div>\n\t\t\t\t<\/div>\n\t\t\t\t<\/div>\n\t\t\t\t<div class=\"elementor-element elementor-element-243fdcd elementor-widget elementor-widget-google_maps\" data-id=\"243fdcd\" data-element_type=\"widget\" data-e-type=\"widget\" data-widget_type=\"google_maps.default\">\n\t\t\t\t\t\t\t<div class=\"elementor-custom-embed\">\n\t\t\t<iframe loading=\"lazy\"\n\t\t\t\t\tsrc=\"https:\/\/maps.google.com\/maps?q=IF%20Digital%20Manavgat&#038;t=m&#038;z=15&#038;output=embed&#038;iwloc=near\"\n\t\t\t\t\ttitle=\"IF Digital Manavgat\"\n\t\t\t\t\taria-label=\"IF Digital Manavgat\"\n\t\t\t><\/iframe>\n\t\t<\/div>\n\t\t\t\t\t\t<\/div>\n\t\t\t\t<\/div>\n\t\t\t\t\t<\/div>\n\t\t\t\t<\/div>\n\t\t\t\t<\/div>","protected":false},"excerpt":{"rendered":"<p>B\u0130RL\u0130KTE \u00c7ALI\u015eALIM&nbsp; B\u0130RL\u0130KTE \u00c7ALI\u015eALIM&nbsp; B\u0130RL\u0130KTE \u00c7ALI\u015eALIM&nbsp; B\u0130RL\u0130KTE \u00c7ALI\u015eALIM&nbsp; B\u0130RL\u0130KTE \u00c7ALI\u015eALIM&nbsp; B\u0130RL\u0130KTE \u00c7ALI\u015eALIM&nbsp; \u0130leti\u015fime Ge\u00e7in Yarat\u0131c\u0131l\u0131\u011f\u0131 ger\u00e7e\u011fe d\u00f6n\u00fc\u015ft\u00fcr\u00fcn. Aray\u0131n +90 (536) 573 70 50 Mail [&hellip;]<\/p>","protected":false},"author":1,"featured_media":0,"parent":0,"menu_order":7,"comment_status":"closed","ping_status":"closed","template":"page-custom.php","meta":{"_acf_changed":false,"footnotes":""},"class_list":["post-425","page","type-page","status-publish","hentry"],"acf":{"choi\u0441e_menu_page":false,"full_width":false,"header_transparent":false,"header_white":false,"menu_type_page":"default","menu_align_page":"default"},"_hostinger_reach_plugin_has_subscription_block":false,"_hostinger_reach_plugin_is_elementor":false,"_links":{"self":[{"href":"https:\/\/ifdigital.net\/en\/wp-json\/wp\/v2\/pages\/425","targetHints":{"allow":["GET"]}}],"collection":[{"href":"https:\/\/ifdigital.net\/en\/wp-json\/wp\/v2\/pages"}],"about":[{"href":"https:\/\/ifdigital.net\/en\/wp-json\/wp\/v2\/types\/page"}],"author":[{"embeddable":true,"href":"https:\/\/ifdigital.net\/en\/wp-json\/wp\/v2\/users\/1"}],"replies":[{"embeddable":true,"href":"https:\/\/ifdigital.net\/en\/wp-json\/wp\/v2\/comments?post=425"}],"version-history":[{"count":19,"href":"https:\/\/ifdigital.net\/en\/wp-json\/wp\/v2\/pages\/425\/revisions"}],"predecessor-version":[{"id":4546,"href":"https:\/\/ifdigital.net\/en\/wp-json\/wp\/v2\/pages\/425\/revisions\/4546"}],"wp:attachment":[{"href":"https:\/\/ifdigital.net\/en\/wp-json\/wp\/v2\/media?parent=425"}],"curies":[{"name":"wp","href":"https:\/\/api.w.org\/{rel}","templated":true}]}}